{"id":133221,"date":"2025-03-24T16:26:44","date_gmt":"2025-03-24T15:26:44","guid":{"rendered":"https:\/\/newsroom.ferrovial.com\/newsletter-sign-up\/"},"modified":"2025-05-21T13:12:57","modified_gmt":"2025-05-21T11:12:57","slug":"newsletter-sign-up","status":"publish","type":"page","link":"https:\/\/newsroom.ferrovial.com\/en-us\/newsletter-sign-up\/","title":{"rendered":"Sign up for the Ferrovial Newsletter"},"content":{"rendered":"    <section class=\"cta-block \" id=\"\" aria-labelledby=\"Ferrovial in 1 Minute Newsletter\" role=\"complementary\">\n      <div class=\"cta-block__background\">\n                  <div class=\"cta-block__image\" style=\"background-image: url('https:\/\/static.newsroom.ferrovial.com\/wp-content\/uploads\/2025\/03\/15133300\/portada-de-la-web-de-registro-de-la-newsletter-ferrovial-en-1-minuto.png');\"><\/div>\n          \n          <div class=\"cta-block__content container\">\n                      <h2 class=\"cta-block__title\" id=\"Ferrovial in 1 Minute Newsletter\">Ferrovial in 1 Minute Newsletter<\/h2>\n            \n                              <\/div>\n      <\/div>\n    <\/section>\n\n\n<section class=\"contact-section\" id=\"\" name=\"\">\n    <div class=\"container contact-section__container one_col\">\n            <div class=\"contact-section__info\">\n            <h2 class=\"contact-section__title\">Sign up for our monthly newsletter<\/h2>\n            <div class=\"contact-section__text-wrapper contact-section__text\">\n            <p>Receive all the latest company news and featured content in your inbox monthly.<\/p>\n            <\/div>\n        <\/div>\n    \n        \n<div class=\"wpcf7 no-js\" id=\"wpcf7-f132226-o1\" lang=\"en-US\" dir=\"ltr\" data-wpcf7-id=\"132226\">\n<div class=\"screen-reader-response\"><p role=\"status\" aria-live=\"polite\" aria-atomic=\"true\"><\/p> <ul><\/ul><\/div>\n<form action=\"\/en-us\/wp-json\/wp\/v2\/pages\/133221#wpcf7-f132226-o1\" method=\"post\" class=\"wpcf7-form init\" aria-label=\"Contact form\" novalidate=\"novalidate\" data-status=\"init\">\n<fieldset class=\"hidden-fields-container\"><input type=\"hidden\" name=\"_wpcf7\" value=\"132226\" \/><input type=\"hidden\" name=\"_wpcf7_version\" value=\"6.1.3\" \/><input type=\"hidden\" name=\"_wpcf7_locale\" value=\"en_US\" \/><input type=\"hidden\" name=\"_wpcf7_unit_tag\" value=\"wpcf7-f132226-o1\" \/><input type=\"hidden\" name=\"_wpcf7_container_post\" value=\"0\" \/><input type=\"hidden\" name=\"_wpcf7_posted_data_hash\" value=\"\" \/><input type=\"hidden\" name=\"_wpcf7_recaptcha_response\" value=\"\" \/>\n<\/fieldset>\n<?xml encoding=\"utf-8\" ?><?xml encoding=\"utf-8\" ?><fieldset class=\"contact-section__fieldset\">\n<div class=\"fields__group\">\n<div class=\"contact-section__group\">\n <div class=\"contact-section__group-header\">\n   <label class=\"contact-section__label\" for=\"name\">Name and lastname*<\/label>\n   <span class=\"contact-section__help-text\">Required<\/span>\n <\/div>\n <span class=\"wpcf7-form-control-wrap\" data-name=\"sm-name\"><input size=\"40\" maxlength=\"400\" class=\"wpcf7-form-control wpcf7-text wpcf7-validates-as-required contact-section__input\" id=\"name1\" aria-required=\"true\" aria-invalid=\"false\" value=\"\" type=\"text\" name=\"sm-name\"><\/span>\n<\/div>\n<div class=\"contact-section__group\">\n <div class=\"contact-section__group-header\">\n <label class=\"contact-section__label\" for=\"email\">Email*<\/label>\n <span class=\"contact-section__help-text\">Required<\/span>\n <\/div>\n <span class=\"wpcf7-form-control-wrap\" data-name=\"sm-email\"><input size=\"40\" maxlength=\"400\" class=\"wpcf7-form-control wpcf7-email wpcf7-validates-as-required wpcf7-text wpcf7-validates-as-email contact-section__input\" id=\"email\" aria-required=\"true\" aria-invalid=\"false\" value=\"\" type=\"email\" name=\"sm-email\"><\/span>\n<\/div>\n<\/div>\n<div class=\"contact-section__legal-notice\" style=\"flex-wrap: wrap;\">This site is protected by reCAPTCHA and the Google <a href=\"https:\/\/policies.google.com\/privacy\" target=\"_blank\" rel=\"noopener\">Privacy Policy<\/a> and <a href=\"https:\/\/policies.google.com\/terms\" target=\"_blank\" rel=\"noopener\">Terms of Service<\/a> apply.<\/div>\n<div class=\"contact-section__footer\">\n<label class=\"contact-section__checkbox\">\n<input type=\"checkbox\" name=\"privacy\" value=\"1\" aria-invalid=\"false\">\n<span class=\"contact-section__checkmark\"><\/span>\n<span class=\"contact-privacy-text\">I hereby grant my consent to receive Ferrovial&rsquo;s commercial communications according to <a href=\"https:\/\/www.ferrovial.com\/en\/privacy-policy\/\" target=\"_blank\" rel=\"noopener\">Privacy Policy<\/a> and <a href=\"https:\/\/www.ferrovial.com\/en\/legal-notice\/\" target=\"_blank\" rel=\"noopener\">Legal Notice<\/a>.\n<\/span>\n<\/label>\n<input class=\"wpcf7-form-control wpcf7-submit has-spinner web-button\" type=\"submit\" value=\"Send\">\n<\/div><\/fieldset>\n<div class=\"wpcf7-response-output\" aria-hidden=\"true\"><\/div>\n<\/form>\n<\/div>\n    <\/div>\n<\/section>\n","protected":false},"excerpt":{"rendered":"","protected":false},"featured_media":0,"parent":0,"menu_order":0,"comment_status":"closed","ping_status":"closed","template":"","meta":{"_acf_changed":false,"footnotes":""},"class_list":["post-133221","page","type-page","status-publish","hentry"],"acf":[],"yoast_head":"<title>Sign up for the Ferrovial Newsletter Ferrovial Reg\u00edstrate a la Newsletter de Ferrovial<\/title>\n<meta name=\"description\" content=\"Toda la actualidad de la compa\u00f1\u00eda y contenidos destacados en tu email.\" \/>\n<meta name=\"robots\" content=\"index, follow, max-snippet:-1, max-image-preview:large, max-video-preview:-1\" \/>\n<link rel=\"canonical\" href=\"https:\/\/newsroom.ferrovial.com\/en-us\/newsletter-sign-up\/\" \/>\n<meta property=\"og:locale\" content=\"en_US\" \/>\n<meta property=\"og:type\" content=\"article\" \/>\n<meta property=\"og:title\" content=\"Sign up for the Ferrovial Newsletter Ferrovial Reg\u00edstrate a la Newsletter de Ferrovial\" \/>\n<meta property=\"og:description\" content=\"Toda la actualidad de la compa\u00f1\u00eda y contenidos destacados en tu email.\" \/>\n<meta property=\"og:url\" content=\"https:\/\/newsroom.ferrovial.com\/en-us\/newsletter-sign-up\/\" \/>\n<meta property=\"og:site_name\" content=\"Ferrovial\" \/>\n<meta property=\"article:publisher\" content=\"https:\/\/www.facebook.com\/ferrovial\" \/>\n<meta property=\"article:modified_time\" content=\"2025-05-21T11:12:57+00:00\" \/>\n<meta name=\"twitter:card\" content=\"summary_large_image\" \/>\n<meta name=\"twitter:site\" content=\"@ferrovial\" \/>\n<script type=\"application\/ld+json\" class=\"yoast-schema-graph\">{\"@context\":\"https:\/\/schema.org\",\"@graph\":[{\"@type\":\"WebPage\",\"@id\":\"https:\/\/newsroom.ferrovial.com\/en-us\/newsletter-sign-up\/\",\"url\":\"https:\/\/newsroom.ferrovial.com\/en-us\/newsletter-sign-up\/\",\"name\":\"Sign up for the Ferrovial Newsletter Ferrovial Reg\u00edstrate a la Newsletter de Ferrovial\",\"isPartOf\":{\"@id\":\"https:\/\/newsroom.ferrovial.com\/en-us\/#website\"},\"datePublished\":\"2025-03-24T15:26:44+00:00\",\"dateModified\":\"2025-05-21T11:12:57+00:00\",\"description\":\"Toda la actualidad de la compa\u00f1\u00eda y contenidos destacados en tu email.\",\"breadcrumb\":{\"@id\":\"https:\/\/newsroom.ferrovial.com\/en-us\/newsletter-sign-up\/#breadcrumb\"},\"inLanguage\":\"en-US\",\"potentialAction\":[{\"@type\":\"ReadAction\",\"target\":[\"https:\/\/newsroom.ferrovial.com\/en-us\/newsletter-sign-up\/\"]}]},{\"@type\":\"BreadcrumbList\",\"@id\":\"https:\/\/newsroom.ferrovial.com\/en-us\/newsletter-sign-up\/#breadcrumb\",\"itemListElement\":[{\"@type\":\"ListItem\",\"position\":1,\"name\":\"Portada\",\"item\":\"https:\/\/newsroom.ferrovial.com\/en-us\/\"},{\"@type\":\"ListItem\",\"position\":2,\"name\":\"Sign up for the Ferrovial Newsletter\"}]},{\"@type\":\"WebSite\",\"@id\":\"https:\/\/newsroom.ferrovial.com\/en-us\/#website\",\"url\":\"https:\/\/newsroom.ferrovial.com\/en-us\/\",\"name\":\"Ferrovial\",\"description\":\"Sala de prensa Ferrovial | \u00daltimas noticias\",\"publisher\":{\"@id\":\"https:\/\/newsroom.ferrovial.com\/en-us\/#organization\"},\"potentialAction\":[{\"@type\":\"SearchAction\",\"target\":{\"@type\":\"EntryPoint\",\"urlTemplate\":\"https:\/\/newsroom.ferrovial.com\/en-us\/?s={search_term_string}\"},\"query-input\":{\"@type\":\"PropertyValueSpecification\",\"valueRequired\":true,\"valueName\":\"search_term_string\"}}],\"inLanguage\":\"en-US\"},{\"@type\":\"Organization\",\"@id\":\"https:\/\/newsroom.ferrovial.com\/en-us\/#organization\",\"name\":\"Ferrovial S.A.\",\"url\":\"https:\/\/newsroom.ferrovial.com\/en-us\/\",\"logo\":{\"@type\":\"ImageObject\",\"inLanguage\":\"en-US\",\"@id\":\"https:\/\/newsroom.ferrovial.com\/en-us\/#\/schema\/logo\/image\/\",\"url\":\"https:\/\/static.newsroom.ferrovial.com\/wp-content\/uploads\/2018\/07\/15145720\/Ferrovial_Logotipo1.jpg\",\"contentUrl\":\"https:\/\/static.newsroom.ferrovial.com\/wp-content\/uploads\/2018\/07\/15145720\/Ferrovial_Logotipo1.jpg\",\"width\":600,\"height\":300,\"caption\":\"Ferrovial S.A.\"},\"image\":{\"@id\":\"https:\/\/newsroom.ferrovial.com\/en-us\/#\/schema\/logo\/image\/\"},\"sameAs\":[\"https:\/\/www.facebook.com\/ferrovial\",\"https:\/\/x.com\/ferrovial\",\"https:\/\/www.instagram.com\/ferrovial\/\",\"https:\/\/www.linkedin.com\/company\/ferrovial\",\"https:\/\/www.pinterest.es\/ferrovial\/\",\"https:\/\/www.youtube.com\/ferrovial\",\"https:\/\/en.wikipedia.org\/wiki\/Ferrovial\"]}]}<\/script>","yoast_head_json":{"title":"Sign up for the Ferrovial Newsletter Ferrovial Reg\u00edstrate a la Newsletter de Ferrovial","description":"Toda la actualidad de la compa\u00f1\u00eda y contenidos destacados en tu email.","robots":{"index":"index","follow":"follow","max-snippet":"max-snippet:-1","max-image-preview":"max-image-preview:large","max-video-preview":"max-video-preview:-1"},"canonical":"https:\/\/newsroom.ferrovial.com\/en-us\/newsletter-sign-up\/","og_locale":"en_US","og_type":"article","og_title":"Sign up for the Ferrovial Newsletter Ferrovial Reg\u00edstrate a la Newsletter de Ferrovial","og_description":"Toda la actualidad de la compa\u00f1\u00eda y contenidos destacados en tu email.","og_url":"https:\/\/newsroom.ferrovial.com\/en-us\/newsletter-sign-up\/","og_site_name":"Ferrovial","article_publisher":"https:\/\/www.facebook.com\/ferrovial","article_modified_time":"2025-05-21T11:12:57+00:00","twitter_card":"summary_large_image","twitter_site":"@ferrovial","schema":{"@context":"https:\/\/schema.org","@graph":[{"@type":"WebPage","@id":"https:\/\/newsroom.ferrovial.com\/en-us\/newsletter-sign-up\/","url":"https:\/\/newsroom.ferrovial.com\/en-us\/newsletter-sign-up\/","name":"Sign up for the Ferrovial Newsletter Ferrovial Reg\u00edstrate a la Newsletter de Ferrovial","isPartOf":{"@id":"https:\/\/newsroom.ferrovial.com\/en-us\/#website"},"datePublished":"2025-03-24T15:26:44+00:00","dateModified":"2025-05-21T11:12:57+00:00","description":"Toda la actualidad de la compa\u00f1\u00eda y contenidos destacados en tu email.","breadcrumb":{"@id":"https:\/\/newsroom.ferrovial.com\/en-us\/newsletter-sign-up\/#breadcrumb"},"inLanguage":"en-US","potentialAction":[{"@type":"ReadAction","target":["https:\/\/newsroom.ferrovial.com\/en-us\/newsletter-sign-up\/"]}]},{"@type":"BreadcrumbList","@id":"https:\/\/newsroom.ferrovial.com\/en-us\/newsletter-sign-up\/#breadcrumb","itemListElement":[{"@type":"ListItem","position":1,"name":"Portada","item":"https:\/\/newsroom.ferrovial.com\/en-us\/"},{"@type":"ListItem","position":2,"name":"Sign up for the Ferrovial Newsletter"}]},{"@type":"WebSite","@id":"https:\/\/newsroom.ferrovial.com\/en-us\/#website","url":"https:\/\/newsroom.ferrovial.com\/en-us\/","name":"Ferrovial","description":"Sala de prensa Ferrovial | \u00daltimas noticias","publisher":{"@id":"https:\/\/newsroom.ferrovial.com\/en-us\/#organization"},"potentialAction":[{"@type":"SearchAction","target":{"@type":"EntryPoint","urlTemplate":"https:\/\/newsroom.ferrovial.com\/en-us\/?s={search_term_string}"},"query-input":{"@type":"PropertyValueSpecification","valueRequired":true,"valueName":"search_term_string"}}],"inLanguage":"en-US"},{"@type":"Organization","@id":"https:\/\/newsroom.ferrovial.com\/en-us\/#organization","name":"Ferrovial S.A.","url":"https:\/\/newsroom.ferrovial.com\/en-us\/","logo":{"@type":"ImageObject","inLanguage":"en-US","@id":"https:\/\/newsroom.ferrovial.com\/en-us\/#\/schema\/logo\/image\/","url":"https:\/\/static.newsroom.ferrovial.com\/wp-content\/uploads\/2018\/07\/15145720\/Ferrovial_Logotipo1.jpg","contentUrl":"https:\/\/static.newsroom.ferrovial.com\/wp-content\/uploads\/2018\/07\/15145720\/Ferrovial_Logotipo1.jpg","width":600,"height":300,"caption":"Ferrovial S.A."},"image":{"@id":"https:\/\/newsroom.ferrovial.com\/en-us\/#\/schema\/logo\/image\/"},"sameAs":["https:\/\/www.facebook.com\/ferrovial","https:\/\/x.com\/ferrovial","https:\/\/www.instagram.com\/ferrovial\/","https:\/\/www.linkedin.com\/company\/ferrovial","https:\/\/www.pinterest.es\/ferrovial\/","https:\/\/www.youtube.com\/ferrovial","https:\/\/en.wikipedia.org\/wiki\/Ferrovial"]}]}},"_links":{"self":[{"href":"https:\/\/newsroom.ferrovial.com\/en-us\/wp-json\/wp\/v2\/pages\/133221","targetHints":{"allow":["GET"]}}],"collection":[{"href":"https:\/\/newsroom.ferrovial.com\/en-us\/wp-json\/wp\/v2\/pages"}],"about":[{"href":"https:\/\/newsroom.ferrovial.com\/en-us\/wp-json\/wp\/v2\/types\/page"}],"replies":[{"embeddable":true,"href":"https:\/\/newsroom.ferrovial.com\/en-us\/wp-json\/wp\/v2\/comments?post=133221"}],"version-history":[{"count":2,"href":"https:\/\/newsroom.ferrovial.com\/en-us\/wp-json\/wp\/v2\/pages\/133221\/revisions"}],"predecessor-version":[{"id":133224,"href":"https:\/\/newsroom.ferrovial.com\/en-us\/wp-json\/wp\/v2\/pages\/133221\/revisions\/133224"}],"wp:attachment":[{"href":"https:\/\/newsroom.ferrovial.com\/en-us\/wp-json\/wp\/v2\/media?parent=133221"}],"curies":[{"name":"wp","href":"https:\/\/api.w.org\/{rel}","templated":true}]}}