{"id":132229,"date":"2025-03-24T16:26:44","date_gmt":"2025-03-24T15:26:44","guid":{"rendered":"https:\/\/newsroom.ferrovial.com\/?page_id=132229"},"modified":"2025-04-02T12:49:05","modified_gmt":"2025-04-02T10:49:05","slug":"registro-newsletter","status":"publish","type":"page","link":"https:\/\/newsroom.ferrovial.com\/es\/registro-newsletter\/","title":{"rendered":"Reg\u00edstrate a la Newsletter de Ferrovial"},"content":{"rendered":"    <section class=\"cta-block \" id=\"\" aria-labelledby=\"Newsletter de Ferrovial en 1 Minuto\" role=\"complementary\">\n      <div class=\"cta-block__background\">\n                  <div class=\"cta-block__image\" style=\"background-image: url('https:\/\/static.newsroom.ferrovial.com\/wp-content\/uploads\/2025\/03\/15133300\/portada-de-la-web-de-registro-de-la-newsletter-ferrovial-en-1-minuto.png');\"><\/div>\n          \n          <div class=\"cta-block__content container\">\n                      <h2 class=\"cta-block__title\" id=\"Newsletter de Ferrovial en 1 Minuto\">Newsletter de Ferrovial en 1 Minuto<\/h2>\n            \n                              <\/div>\n      <\/div>\n    <\/section>\n\n\n<section class=\"contact-section\" id=\"\" name=\"\">\n    <div class=\"container contact-section__container one_col\">\n            <div class=\"contact-section__info\">\n            <h2 class=\"contact-section__title\">Reg\u00edstrate para recibir nuestra newsletter mensual<\/h2>\n            <div class=\"contact-section__text-wrapper contact-section__text\">\n            <p>Toda la actualidad de la compa\u00f1\u00eda y contenidos destacados en tu bandeja de entrada cada mes.<\/p>\n            <\/div>\n        <\/div>\n    \n        \n<div class=\"wpcf7 no-js\" id=\"wpcf7-f132224-o1\" lang=\"es-ES\" dir=\"ltr\" data-wpcf7-id=\"132224\">\n<div class=\"screen-reader-response\"><p role=\"status\" aria-live=\"polite\" aria-atomic=\"true\"><\/p> <ul><\/ul><\/div>\n<form action=\"\/es\/wp-json\/wp\/v2\/pages\/132229#wpcf7-f132224-o1\" method=\"post\" class=\"wpcf7-form init\" aria-label=\"Formulario de contacto\" novalidate=\"novalidate\" data-status=\"init\">\n<fieldset class=\"hidden-fields-container\"><input type=\"hidden\" name=\"_wpcf7\" value=\"132224\" \/><input type=\"hidden\" name=\"_wpcf7_version\" value=\"6.1.3\" \/><input type=\"hidden\" name=\"_wpcf7_locale\" value=\"es_ES\" \/><input type=\"hidden\" name=\"_wpcf7_unit_tag\" value=\"wpcf7-f132224-o1\" \/><input type=\"hidden\" name=\"_wpcf7_container_post\" value=\"0\" \/><input type=\"hidden\" name=\"_wpcf7_posted_data_hash\" value=\"\" \/><input type=\"hidden\" name=\"_wpcf7_recaptcha_response\" value=\"\" \/>\n<\/fieldset>\n<?xml encoding=\"utf-8\" ?><?xml encoding=\"utf-8\" ?><fieldset class=\"contact-section__fieldset\">\n<div class=\"fields__group\">\n<div class=\"contact-section__group\">\n <div class=\"contact-section__group-header\">\n   <label class=\"contact-section__label\" for=\"name\">Nombre y apellidos<\/label>\n   <span class=\"contact-section__help-text\">Campo obligatorio<\/span>\n <\/div>\n <span class=\"wpcf7-form-control-wrap\" data-name=\"sm-name\"><input size=\"40\" maxlength=\"400\" class=\"wpcf7-form-control wpcf7-text wpcf7-validates-as-required contact-section__input\" id=\"name1\" aria-required=\"true\" aria-invalid=\"false\" value=\"\" type=\"text\" name=\"sm-name\"><\/span>\n<\/div>\n<div class=\"contact-section__group\">\n <div class=\"contact-section__group-header\">\n <label class=\"contact-section__label\" for=\"email\">Correo electr&oacute;nico<\/label>\n <span class=\"contact-section__help-text\">Campo obligatorio<\/span>\n <\/div>\n <span class=\"wpcf7-form-control-wrap\" data-name=\"sm-email\"><input size=\"40\" maxlength=\"400\" class=\"wpcf7-form-control wpcf7-email wpcf7-validates-as-required wpcf7-text wpcf7-validates-as-email contact-section__input\" id=\"email\" aria-required=\"true\" aria-invalid=\"false\" value=\"\" type=\"email\" name=\"sm-email\"><\/span>\n<\/div>\n<\/div>\n<div class=\"contact-section__legal-notice\" style=\"flex-wrap: wrap;\">Este sitio est&aacute; protegido por reCAPTCHA y se aplican la <a class=\"css-1rn59kg\" title=\"https:\/\/policies.google.com\/privacy\" href=\"https:\/\/policies.google.com\/privacy\" data-testid=\"link-with-safety\" data-renderer-mark=\"true\">Pol&iacute;tica de privacidad <\/a>y las <a class=\"css-1rn59kg\" title=\"https:\/\/policies.google.com\/terms\" href=\"https:\/\/policies.google.com\/terms\" data-testid=\"link-with-safety\" data-renderer-mark=\"true\">Condiciones de servicio<\/a> de Google.<\/div>\n<div class=\"contact-section__footer\">\n<label class=\"contact-section__checkbox\">\n<input type=\"checkbox\" name=\"privacy\" value=\"1\" aria-invalid=\"false\">\n<span class=\"contact-section__checkmark\"><\/span>\n<span class=\"contact-privacy-text\">Consiento recibir comunicaciones comerciales de acuerdo con la <a class=\"css-1rn59kg\" title=\"https:\/\/www.ferrovial.com\/es\/politica-de-privacidad\/\" href=\"https:\/\/www.ferrovial.com\/es\/politica-de-privacidad\/\" data-testid=\"link-with-safety\" data-renderer-mark=\"true\">Pol&iacute;tica de privacidad<\/a> y <a class=\"css-1rn59kg\" title=\"https:\/\/www.ferrovial.com\/es\/aviso-legal\/\" href=\"https:\/\/www.ferrovial.com\/es\/aviso-legal\/\" data-testid=\"link-with-safety\" data-renderer-mark=\"true\">Aviso legal<\/a> de Ferrovial.\n<\/span>\n<\/label>\n<input class=\"wpcf7-form-control wpcf7-submit has-spinner web-button\" type=\"submit\" value=\"Enviar\">\n<\/div><\/fieldset>\n<div class=\"wpcf7-response-output\" aria-hidden=\"true\"><\/div>\n<\/form>\n<\/div>\n    <\/div>\n<\/section>\n","protected":false},"excerpt":{"rendered":"","protected":false},"featured_media":0,"parent":0,"menu_order":0,"comment_status":"closed","ping_status":"closed","template":"","meta":{"_acf_changed":false,"footnotes":""},"class_list":["post-132229","page","type-page","status-publish","hentry"],"acf":[],"yoast_head":"<title>Reg\u00edstrate a la Newsletter de Ferrovial Sala de prensa Ferrovial | \u00daltimas noticias Reg\u00edstrate a la Newsletter de Ferrovial<\/title>\n<meta name=\"description\" content=\"Toda la actualidad de la compa\u00f1\u00eda y contenidos destacados en tu email.\" \/>\n<meta name=\"robots\" content=\"index, follow, max-snippet:-1, max-image-preview:large, max-video-preview:-1\" \/>\n<link rel=\"canonical\" href=\"https:\/\/newsroom.ferrovial.com\/es\/registro-newsletter\/\" \/>\n<meta property=\"og:locale\" content=\"es_ES\" \/>\n<meta property=\"og:type\" content=\"article\" \/>\n<meta property=\"og:title\" content=\"Reg\u00edstrate a la Newsletter de Ferrovial Sala de prensa Ferrovial | \u00daltimas noticias Reg\u00edstrate a la Newsletter de Ferrovial\" \/>\n<meta property=\"og:description\" content=\"Toda la actualidad de la compa\u00f1\u00eda y contenidos destacados en tu email.\" \/>\n<meta property=\"og:url\" content=\"https:\/\/newsroom.ferrovial.com\/es\/registro-newsletter\/\" \/>\n<meta property=\"og:site_name\" content=\"Sala de prensa Ferrovial | \u00daltimas noticias\" \/>\n<meta property=\"article:publisher\" content=\"https:\/\/www.facebook.com\/ferrovial\" \/>\n<meta property=\"article:modified_time\" content=\"2025-04-02T10:49:05+00:00\" \/>\n<meta name=\"twitter:card\" content=\"summary_large_image\" \/>\n<meta name=\"twitter:site\" content=\"@ferrovial\" \/>\n<script type=\"application\/ld+json\" class=\"yoast-schema-graph\">{\"@context\":\"https:\/\/schema.org\",\"@graph\":[{\"@type\":\"WebPage\",\"@id\":\"https:\/\/newsroom.ferrovial.com\/es\/registro-newsletter\/\",\"url\":\"https:\/\/newsroom.ferrovial.com\/es\/registro-newsletter\/\",\"name\":\"Reg\u00edstrate a la Newsletter de Ferrovial Sala de prensa Ferrovial | \u00daltimas noticias Reg\u00edstrate a la Newsletter de Ferrovial\",\"isPartOf\":{\"@id\":\"https:\/\/newsroom.ferrovial.com\/es\/#website\"},\"datePublished\":\"2025-03-24T15:26:44+00:00\",\"dateModified\":\"2025-04-02T10:49:05+00:00\",\"description\":\"Toda la actualidad de la compa\u00f1\u00eda y contenidos destacados en tu email.\",\"breadcrumb\":{\"@id\":\"https:\/\/newsroom.ferrovial.com\/es\/registro-newsletter\/#breadcrumb\"},\"inLanguage\":\"es\",\"potentialAction\":[{\"@type\":\"ReadAction\",\"target\":[\"https:\/\/newsroom.ferrovial.com\/es\/registro-newsletter\/\"]}]},{\"@type\":\"BreadcrumbList\",\"@id\":\"https:\/\/newsroom.ferrovial.com\/es\/registro-newsletter\/#breadcrumb\",\"itemListElement\":[{\"@type\":\"ListItem\",\"position\":1,\"name\":\"Portada\",\"item\":\"https:\/\/newsroom.ferrovial.com\/es\/\"},{\"@type\":\"ListItem\",\"position\":2,\"name\":\"Reg\u00edstrate a la Newsletter de Ferrovial\"}]},{\"@type\":\"WebSite\",\"@id\":\"https:\/\/newsroom.ferrovial.com\/es\/#website\",\"url\":\"https:\/\/newsroom.ferrovial.com\/es\/\",\"name\":\"Sala de prensa Ferrovial | \u00daltimas noticias\",\"description\":\"Sala de prensa Ferrovial | \u00daltimas noticias\",\"publisher\":{\"@id\":\"https:\/\/newsroom.ferrovial.com\/es\/#organization\"},\"potentialAction\":[{\"@type\":\"SearchAction\",\"target\":{\"@type\":\"EntryPoint\",\"urlTemplate\":\"https:\/\/newsroom.ferrovial.com\/es\/?s={search_term_string}\"},\"query-input\":{\"@type\":\"PropertyValueSpecification\",\"valueRequired\":true,\"valueName\":\"search_term_string\"}}],\"inLanguage\":\"es\"},{\"@type\":\"Organization\",\"@id\":\"https:\/\/newsroom.ferrovial.com\/es\/#organization\",\"name\":\"Ferrovial S.A.\",\"url\":\"https:\/\/newsroom.ferrovial.com\/es\/\",\"logo\":{\"@type\":\"ImageObject\",\"inLanguage\":\"es\",\"@id\":\"https:\/\/newsroom.ferrovial.com\/es\/#\/schema\/logo\/image\/\",\"url\":\"https:\/\/static.newsroom.ferrovial.com\/wp-content\/uploads\/2018\/07\/15145720\/Ferrovial_Logotipo1.jpg\",\"contentUrl\":\"https:\/\/static.newsroom.ferrovial.com\/wp-content\/uploads\/2018\/07\/15145720\/Ferrovial_Logotipo1.jpg\",\"width\":600,\"height\":300,\"caption\":\"Ferrovial S.A.\"},\"image\":{\"@id\":\"https:\/\/newsroom.ferrovial.com\/es\/#\/schema\/logo\/image\/\"},\"sameAs\":[\"https:\/\/www.facebook.com\/ferrovial\",\"https:\/\/x.com\/ferrovial\",\"https:\/\/www.instagram.com\/ferrovial\/\",\"https:\/\/www.linkedin.com\/company\/ferrovial\",\"https:\/\/www.pinterest.es\/ferrovial\/\",\"https:\/\/www.youtube.com\/ferrovial\",\"https:\/\/en.wikipedia.org\/wiki\/Ferrovial\"]}]}<\/script>","yoast_head_json":{"title":"Reg\u00edstrate a la Newsletter de Ferrovial Sala de prensa Ferrovial | \u00daltimas noticias Reg\u00edstrate a la Newsletter de Ferrovial","description":"Toda la actualidad de la compa\u00f1\u00eda y contenidos destacados en tu email.","robots":{"index":"index","follow":"follow","max-snippet":"max-snippet:-1","max-image-preview":"max-image-preview:large","max-video-preview":"max-video-preview:-1"},"canonical":"https:\/\/newsroom.ferrovial.com\/es\/registro-newsletter\/","og_locale":"es_ES","og_type":"article","og_title":"Reg\u00edstrate a la Newsletter de Ferrovial Sala de prensa Ferrovial | \u00daltimas noticias Reg\u00edstrate a la Newsletter de Ferrovial","og_description":"Toda la actualidad de la compa\u00f1\u00eda y contenidos destacados en tu email.","og_url":"https:\/\/newsroom.ferrovial.com\/es\/registro-newsletter\/","og_site_name":"Sala de prensa Ferrovial | \u00daltimas noticias","article_publisher":"https:\/\/www.facebook.com\/ferrovial","article_modified_time":"2025-04-02T10:49:05+00:00","twitter_card":"summary_large_image","twitter_site":"@ferrovial","schema":{"@context":"https:\/\/schema.org","@graph":[{"@type":"WebPage","@id":"https:\/\/newsroom.ferrovial.com\/es\/registro-newsletter\/","url":"https:\/\/newsroom.ferrovial.com\/es\/registro-newsletter\/","name":"Reg\u00edstrate a la Newsletter de Ferrovial Sala de prensa Ferrovial | \u00daltimas noticias Reg\u00edstrate a la Newsletter de Ferrovial","isPartOf":{"@id":"https:\/\/newsroom.ferrovial.com\/es\/#website"},"datePublished":"2025-03-24T15:26:44+00:00","dateModified":"2025-04-02T10:49:05+00:00","description":"Toda la actualidad de la compa\u00f1\u00eda y contenidos destacados en tu email.","breadcrumb":{"@id":"https:\/\/newsroom.ferrovial.com\/es\/registro-newsletter\/#breadcrumb"},"inLanguage":"es","potentialAction":[{"@type":"ReadAction","target":["https:\/\/newsroom.ferrovial.com\/es\/registro-newsletter\/"]}]},{"@type":"BreadcrumbList","@id":"https:\/\/newsroom.ferrovial.com\/es\/registro-newsletter\/#breadcrumb","itemListElement":[{"@type":"ListItem","position":1,"name":"Portada","item":"https:\/\/newsroom.ferrovial.com\/es\/"},{"@type":"ListItem","position":2,"name":"Reg\u00edstrate a la Newsletter de Ferrovial"}]},{"@type":"WebSite","@id":"https:\/\/newsroom.ferrovial.com\/es\/#website","url":"https:\/\/newsroom.ferrovial.com\/es\/","name":"Sala de prensa Ferrovial | \u00daltimas noticias","description":"Sala de prensa Ferrovial | \u00daltimas noticias","publisher":{"@id":"https:\/\/newsroom.ferrovial.com\/es\/#organization"},"potentialAction":[{"@type":"SearchAction","target":{"@type":"EntryPoint","urlTemplate":"https:\/\/newsroom.ferrovial.com\/es\/?s={search_term_string}"},"query-input":{"@type":"PropertyValueSpecification","valueRequired":true,"valueName":"search_term_string"}}],"inLanguage":"es"},{"@type":"Organization","@id":"https:\/\/newsroom.ferrovial.com\/es\/#organization","name":"Ferrovial S.A.","url":"https:\/\/newsroom.ferrovial.com\/es\/","logo":{"@type":"ImageObject","inLanguage":"es","@id":"https:\/\/newsroom.ferrovial.com\/es\/#\/schema\/logo\/image\/","url":"https:\/\/static.newsroom.ferrovial.com\/wp-content\/uploads\/2018\/07\/15145720\/Ferrovial_Logotipo1.jpg","contentUrl":"https:\/\/static.newsroom.ferrovial.com\/wp-content\/uploads\/2018\/07\/15145720\/Ferrovial_Logotipo1.jpg","width":600,"height":300,"caption":"Ferrovial S.A."},"image":{"@id":"https:\/\/newsroom.ferrovial.com\/es\/#\/schema\/logo\/image\/"},"sameAs":["https:\/\/www.facebook.com\/ferrovial","https:\/\/x.com\/ferrovial","https:\/\/www.instagram.com\/ferrovial\/","https:\/\/www.linkedin.com\/company\/ferrovial","https:\/\/www.pinterest.es\/ferrovial\/","https:\/\/www.youtube.com\/ferrovial","https:\/\/en.wikipedia.org\/wiki\/Ferrovial"]}]}},"_links":{"self":[{"href":"https:\/\/newsroom.ferrovial.com\/es\/wp-json\/wp\/v2\/pages\/132229","targetHints":{"allow":["GET"]}}],"collection":[{"href":"https:\/\/newsroom.ferrovial.com\/es\/wp-json\/wp\/v2\/pages"}],"about":[{"href":"https:\/\/newsroom.ferrovial.com\/es\/wp-json\/wp\/v2\/types\/page"}],"replies":[{"embeddable":true,"href":"https:\/\/newsroom.ferrovial.com\/es\/wp-json\/wp\/v2\/comments?post=132229"}],"version-history":[{"count":3,"href":"https:\/\/newsroom.ferrovial.com\/es\/wp-json\/wp\/v2\/pages\/132229\/revisions"}],"predecessor-version":[{"id":132565,"href":"https:\/\/newsroom.ferrovial.com\/es\/wp-json\/wp\/v2\/pages\/132229\/revisions\/132565"}],"wp:attachment":[{"href":"https:\/\/newsroom.ferrovial.com\/es\/wp-json\/wp\/v2\/media?parent=132229"}],"curies":[{"name":"wp","href":"https:\/\/api.w.org\/{rel}","templated":true}]}}