{"id":78,"date":"2018-07-06T16:14:14","date_gmt":"2018-07-06T16:14:14","guid":{"rendered":"https:\/\/newsroom.ferrovial.com\/recursos-2\/"},"modified":"2025-04-07T12:44:53","modified_gmt":"2025-04-07T10:44:53","slug":"recursos-2","status":"publish","type":"page","link":"https:\/\/newsroom.ferrovial.com\/es\/recursos-2\/","title":{"rendered":"Recursos"},"content":{"rendered":"\n\n<section class=\"all-media-list\" id=\"\" name=\"\">\n    <div class=\"container\">\n        <div class=\"media-list\">\n            <div class=\"d-flex justify-content-between\">\n                <h2 class=\"media-list__title\">GALER\u00cdAS DE FOTOS<\/h2>\n                <a href=\"https:\/\/newsroom.ferrovial.com\/es\/galerias\/\" class=\"media-list__badge\" title=\"Explorar m\u00e1s\">\n                    VER TODAS <span>LAS Galer\u00edas<\/span>                <\/a>\n            <\/div>\n            <div class=\"media-list__grid\">\n                                        <a href=\"https:\/\/newsroom.ferrovial.com\/es\/galerias\/budimex-rd-centre-in-plock\/\" title=\"Budimex R&#038;D Centre in P\u0142ock\" class=\"media-list__card media-list__card--gallery\" style=\"background-image: url('https:\/\/static.newsroom.ferrovial.com\/wp-content\/uploads\/2021\/07\/15142828\/cbirorlen-14-300x200.jpg');\">\n                            <div class=\"media-list__card__caption\">\n                                <p class=\"media-list__card__category\">Galer\u00eda<small class=\"media-list__card__date\">\u00b7 24 Ene 2025<\/small><\/p>\n                                <h3 class=\"media-list__card__text\">Budimex R&#038;D Centre in P\u0142ock<\/h3>\n                            <\/div>\n                        <\/a>\n                                            <a href=\"https:\/\/newsroom.ferrovial.com\/es\/galerias\/sh-99-grand-parkway-segments-h-i-1-i-2\/\" title=\"SH 99 Grand Parkway. Segmentos H, I-1 y I-2 (Houston)\" class=\"media-list__card media-list__card--gallery\" style=\"background-image: url('https:\/\/static.newsroom.ferrovial.com\/wp-content\/uploads\/2022\/07\/15133900\/bridge-8-2-300x225.jpg');\">\n                            <div class=\"media-list__card__caption\">\n                                <p class=\"media-list__card__category\">Galer\u00eda<small class=\"media-list__card__date\">\u00b7 19 Jul 2024<\/small><\/p>\n                                <h3 class=\"media-list__card__text\">SH 99 Grand Parkway. Segmentos H, I-1 y I-2 (Houston)<\/h3>\n                            <\/div>\n                        <\/a>\n                                            <a href=\"https:\/\/newsroom.ferrovial.com\/es\/galerias\/autopista-407-etr-toronto-canada\/\" title=\"Autopista 407 ETR (Toronto, Canad\u00e1)\" class=\"media-list__card media-list__card--gallery\" style=\"background-image: url('https:\/\/static.newsroom.ferrovial.com\/wp-content\/uploads\/2018\/07\/15145356\/407ETR-Toll-Road-Canada-e1460458179632-1-300x205.jpg');\">\n                            <div class=\"media-list__card__caption\">\n                                <p class=\"media-list__card__category\">Galer\u00eda<small class=\"media-list__card__date\">\u00b7 17 Jun 2024<\/small><\/p>\n                                <h3 class=\"media-list__card__text\">Autopista 407 ETR (Toronto, Canad\u00e1)<\/h3>\n                            <\/div>\n                        <\/a>\n                                            <a href=\"https:\/\/newsroom.ferrovial.com\/es\/galerias\/halo-de-vigo\/\" title=\"Halo de Vigo\" class=\"media-list__card media-list__card--gallery\" style=\"background-image: url('https:\/\/static.newsroom.ferrovial.com\/wp-content\/uploads\/2024\/03\/15135346\/halo-de-vigo-ferrovial-5-300x219.jpg');\">\n                            <div class=\"media-list__card__caption\">\n                                <p class=\"media-list__card__category\">Galer\u00eda<small class=\"media-list__card__date\">\u00b7 26 Mar 2024<\/small><\/p>\n                                <h3 class=\"media-list__card__text\">Halo de Vigo<\/h3>\n                            <\/div>\n                        <\/a>\n                                <\/div>\n        <\/div>\n    <\/div>\n<\/section>\n\n\n<section class=\"all-media-list\" id=\"\" name=\"\">\n    <div class=\"container\">\n        <div class=\"media-list\">\n            <div class=\"d-flex justify-content-between\">\n                <h2 class=\"media-list__title\">V\u00cdDEOS<\/h2>\n                <a href=\"https:\/\/newsroom.ferrovial.com\/es\/videos\/\" class=\"media-list__badge\" title=\"Explorar m\u00e1s\">\n                    VER TODOS <span>LOS V\u00eddeos<\/span>                <\/a>\n            <\/div>\n            <div class=\"media-list__grid\">\n                                        <a href=\"https:\/\/newsroom.ferrovial.com\/es\/videos\/ferrovial-en-1-minuto-enero\/\" title=\"Ferrovial en 1 Minuto: Enero\" class=\"media-list__card media-list__card--video\" style=\"background-image: url('https:\/\/static.newsroom.ferrovial.com\/wp-content\/uploads\/2025\/03\/15133501\/portada-ferrovial-1-minuto-en-espanol-300x169.jpg');\">\n                            <div class=\"media-list__card__caption\">\n                                <p class=\"media-list__card__category\">V\u00eddeo<small class=\"media-list__card__date\">\u00b7 03 Mar 2025<\/small><\/p>\n                                <h3 class=\"media-list__card__text\">Ferrovial en 1 Minuto: Enero<\/h3>\n                            <\/div>\n                        <\/a>\n                                            <a href=\"https:\/\/newsroom.ferrovial.com\/es\/videos\/ferrovial-en-1-minuto-diciembre-ferrovial\/\" title=\"Ferrovial en 1 Minuto: Diciembre | Ferrovial\" class=\"media-list__card media-list__card--video\" style=\"background-image: url('https:\/\/static.newsroom.ferrovial.com\/wp-content\/uploads\/2025\/01\/15133743\/diciembre-en-1-minuto-300x150.png');\">\n                            <div class=\"media-list__card__caption\">\n                                <p class=\"media-list__card__category\">V\u00eddeo<small class=\"media-list__card__date\">\u00b7 10 Ene 2025<\/small><\/p>\n                                <h3 class=\"media-list__card__text\">Ferrovial en 1 Minuto: Diciembre | Ferrovial<\/h3>\n                            <\/div>\n                        <\/a>\n                                            <a href=\"https:\/\/newsroom.ferrovial.com\/es\/videos\/asi-montamos-las-luces-navidenas-de-torrejon-de-ardoz-ferrovial\/\" title=\"As\u00ed montamos las luces navide\u00f1as de Torrej\u00f3n de Ardoz | Ferrovial\" class=\"media-list__card media-list__card--video\" style=\"background-image: url('https:\/\/static.newsroom.ferrovial.com\/wp-content\/uploads\/2025\/01\/15133741\/luces-navidenas-de-torrejon-de-ardoz-300x149.png');\">\n                            <div class=\"media-list__card__caption\">\n                                <p class=\"media-list__card__category\">V\u00eddeo<small class=\"media-list__card__date\">\u00b7 19 Dic 2024<\/small><\/p>\n                                <h3 class=\"media-list__card__text\">As\u00ed montamos las luces navide\u00f1as de Torrej\u00f3n de Ardoz | Ferrovial<\/h3>\n                            <\/div>\n                        <\/a>\n                                            <a href=\"https:\/\/newsroom.ferrovial.com\/es\/videos\/ferrovial-en-1-minuto-noviembre-ferrovial\/\" title=\"Ferrovial en 1 Minuto: Noviembre | Ferrovial\" class=\"media-list__card media-list__card--video\" style=\"background-image: url('https:\/\/static.newsroom.ferrovial.com\/wp-content\/uploads\/2024\/12\/15133743\/noviembre-en-1-minuto-300x151.png');\">\n                            <div class=\"media-list__card__caption\">\n                                <p class=\"media-list__card__category\">V\u00eddeo<small class=\"media-list__card__date\">\u00b7 12 Dic 2024<\/small><\/p>\n                                <h3 class=\"media-list__card__text\">Ferrovial en 1 Minuto: Noviembre | Ferrovial<\/h3>\n                            <\/div>\n                        <\/a>\n                                <\/div>\n        <\/div>\n    <\/div>\n<\/section>\n\n\n<section class=\"all-media-list\" id=\"\" name=\"\">\n    <div class=\"container\">\n        <div class=\"media-list\">\n            <div class=\"d-flex justify-content-between\">\n                <h2 class=\"media-list__title\">INFOGRAF\u00cdAS<\/h2>\n                <a href=\"https:\/\/newsroom.ferrovial.com\/es\/infografias\/\" class=\"media-list__badge\" title=\"Explorar m\u00e1s\">\n                    VER TODAS <span>LAS Infograf\u00edas<\/span>                <\/a>\n            <\/div>\n            <div class=\"media-list__grid\">\n                                        <a href=\"https:\/\/newsroom.ferrovial.com\/es\/infografias\/la-historia-del-beti-jai\/\" title=\"La historia del Beti-Jai\" class=\"media-list__card media-list__card--infographic\" style=\"background-image: url('https:\/\/newsroom.ferrovial.com\/wp-content\/uploads\/2019\/05\/grada-fronton-betijai-madrid-remodelado-1-e1559138640525-300x88.jpg');\">\n                            <div class=\"media-list__card__caption\">\n                                <p class=\"media-list__card__category\">Infograf\u00eda<small class=\"media-list__card__date\">\u00b7 29 May 2019<\/small><\/p>\n                                <h3 class=\"media-list__card__text\">La historia del Beti-Jai<\/h3>\n                            <\/div>\n                        <\/a>\n                                            <a href=\"https:\/\/newsroom.ferrovial.com\/es\/infografias\/drones\/\" title=\"Drones\" class=\"media-list__card media-list__card--infographic\" style=\"background-image: url('https:\/\/static.newsroom.ferrovial.com\/wp-content\/uploads\/2018\/07\/15134351\/drone-volando-cielo-azul-e1512461641853-300x156.jpg');\">\n                            <div class=\"media-list__card__caption\">\n                                <p class=\"media-list__card__category\">Infograf\u00eda<small class=\"media-list__card__date\">\u00b7 28 May 2019<\/small><\/p>\n                                <h3 class=\"media-list__card__text\">Drones<\/h3>\n                            <\/div>\n                        <\/a>\n                                            <a href=\"https:\/\/newsroom.ferrovial.com\/es\/infografias\/innovacion-ferrocarriles\/\" title=\"M\u00e1s de 65 a\u00f1os de innovaci\u00f3n en ferrocarriles\" class=\"media-list__card media-list__card--infographic\" style=\"background-image: url('https:\/\/static.newsroom.ferrovial.com\/wp-content\/uploads\/2019\/05\/15134350\/historico-innovacion-ferrocarriles-300x213.jpg');\">\n                            <div class=\"media-list__card__caption\">\n                                <p class=\"media-list__card__category\">Infograf\u00eda<small class=\"media-list__card__date\">\u00b7 24 May 2019<\/small><\/p>\n                                <h3 class=\"media-list__card__text\">M\u00e1s de 65 a\u00f1os de innovaci\u00f3n en ferrocarriles<\/h3>\n                            <\/div>\n                        <\/a>\n                                            <a href=\"https:\/\/newsroom.ferrovial.com\/es\/infografias\/inforvial-31-cifras\/\" title=\"Inforvial 31: Cifras\" class=\"media-list__card media-list__card--infographic\" style=\"background-image: url('https:\/\/static.newsroom.ferrovial.com\/wp-content\/uploads\/2018\/11\/15152554\/inforvial31-212x300.jpg');\">\n                            <div class=\"media-list__card__caption\">\n                                <p class=\"media-list__card__category\">Infograf\u00eda<small class=\"media-list__card__date\">\u00b7 01 Nov 2018<\/small><\/p>\n                                <h3 class=\"media-list__card__text\">Inforvial 31: Cifras<\/h3>\n                            <\/div>\n                        <\/a>\n                                <\/div>\n        <\/div>\n    <\/div>\n<\/section>\n\n\n<section class=\"all-media-list\" id=\"\" name=\"\">\n    <div class=\"container\">\n        <div class=\"media-list\">\n            <div class=\"d-flex justify-content-between\">\n                <h2 class=\"media-list__title\">AUDIOS<\/h2>\n                <a href=\"https:\/\/newsroom.ferrovial.com\/es\/audios\/\" class=\"media-list__badge\" title=\"Explorar m\u00e1s\">\n                    VER TODOS <span>LOS Audios<\/span>                <\/a>\n            <\/div>\n            <div class=\"media-list__grid\">\n                                        <a href=\"https:\/\/newsroom.ferrovial.com\/es\/audios\/declaracion-ion-cuervas-ceo-de-wondo\/\" title=\"Declaraci\u00f3n Ion Cuervas, CEO de Wondo\" class=\"media-list__card media-list__card--audio\" style=\"background-image: url('https:\/\/newsroom.ferrovial.com\/wp-content\/themes\/newsroom2024\/assets\/images\/default-image.png');\">\n                            <div class=\"media-list__card__caption\">\n                                <p class=\"media-list__card__category\">Audio<small class=\"media-list__card__date\">\u00b7 27 May 2021<\/small><\/p>\n                                <h3 class=\"media-list__card__text\">Declaraci\u00f3n Ion Cuervas, CEO de Wondo<\/h3>\n                            <\/div>\n                        <\/a>\n                                            <a href=\"https:\/\/newsroom.ferrovial.com\/es\/audios\/cual-es-el-papel-del-digital-hub-en-el-lanzamiento-de-nuevos-servicios\/\" title=\"\u00bfCu\u00e1l es el papel del Digital Hub en el lanzamiento de nuevos servicios?\" class=\"media-list__card media-list__card--audio\" style=\"background-image: url('https:\/\/static.newsroom.ferrovial.com\/wp-content\/uploads\/2018\/10\/15152753\/logo_wondo-2-300x293.jpg');\">\n                            <div class=\"media-list__card__caption\">\n                                <p class=\"media-list__card__category\">Audio<small class=\"media-list__card__date\">\u00b7 01 Oct 2018<\/small><\/p>\n                                <h3 class=\"media-list__card__text\">\u00bfCu\u00e1l es el papel del Digital Hub en el lanzamiento de nuevos servicios?<\/h3>\n                            <\/div>\n                        <\/a>\n                                            <a href=\"https:\/\/newsroom.ferrovial.com\/es\/audios\/por-que-lanzan-wondo\/\" title=\"\u00bfPor qu\u00e9 lanzan Wondo?\" class=\"media-list__card media-list__card--audio\" style=\"background-image: url('https:\/\/static.newsroom.ferrovial.com\/wp-content\/uploads\/2018\/10\/15152753\/logo_wondo-2-300x293.jpg');\">\n                            <div class=\"media-list__card__caption\">\n                                <p class=\"media-list__card__category\">Audio<small class=\"media-list__card__date\">\u00b7 01 Oct 2018<\/small><\/p>\n                                <h3 class=\"media-list__card__text\">\u00bfPor qu\u00e9 lanzan Wondo?<\/h3>\n                            <\/div>\n                        <\/a>\n                                            <a href=\"https:\/\/newsroom.ferrovial.com\/es\/audios\/que-es-wondo\/\" title=\"\u00bfQu\u00e9 es Wondo?\" class=\"media-list__card media-list__card--audio\" style=\"background-image: url('https:\/\/static.newsroom.ferrovial.com\/wp-content\/uploads\/2018\/10\/15152753\/logo_wondo-2-300x293.jpg');\">\n                            <div class=\"media-list__card__caption\">\n                                <p class=\"media-list__card__category\">Audio<small class=\"media-list__card__date\">\u00b7 01 Oct 2018<\/small><\/p>\n                                <h3 class=\"media-list__card__text\">\u00bfQu\u00e9 es Wondo?<\/h3>\n                            <\/div>\n                        <\/a>\n                                <\/div>\n        <\/div>\n    <\/div>\n<\/section>\n","protected":false},"excerpt":{"rendered":"","protected":false},"featured_media":0,"parent":0,"menu_order":0,"comment_status":"closed","ping_status":"closed","template":"page-resources.php","meta":{"_acf_changed":false,"footnotes":""},"class_list":["post-78","page","type-page","status-publish","hentry"],"acf":[],"yoast_head":"<title>Recursos multimedia sobre la compa\u00f1\u00eda - Ferrovial<\/title>\n<meta name=\"description\" content=\"Encuentra todos los recursos multimedia sobre Ferrovial: v\u00eddeos, galer\u00edas de im\u00e1genes, infograf\u00edas y audios. Informaci\u00f3n gr\u00e1fica y de inter\u00e9s sobre nuestra compa\u00f1\u00eda\" \/>\n<meta name=\"robots\" content=\"index, follow, max-snippet:-1, max-image-preview:large, max-video-preview:-1\" \/>\n<link rel=\"canonical\" href=\"https:\/\/newsroom.ferrovial.com\/es\/recursos-2\/\" \/>\n<meta property=\"og:locale\" content=\"es_ES\" \/>\n<meta property=\"og:type\" content=\"article\" \/>\n<meta property=\"og:title\" content=\"Recursos multimedia sobre la compa\u00f1\u00eda - Ferrovial\" \/>\n<meta property=\"og:description\" content=\"Encuentra todos los recursos multimedia sobre Ferrovial: v\u00eddeos, galer\u00edas de im\u00e1genes, infograf\u00edas y audios. Informaci\u00f3n gr\u00e1fica y de inter\u00e9s sobre nuestra compa\u00f1\u00eda\" \/>\n<meta property=\"og:url\" content=\"https:\/\/newsroom.ferrovial.com\/es\/recursos-2\/\" \/>\n<meta property=\"og:site_name\" content=\"Sala de prensa Ferrovial | \u00daltimas noticias\" \/>\n<meta property=\"article:publisher\" content=\"https:\/\/www.facebook.com\/ferrovial\" \/>\n<meta property=\"article:modified_time\" content=\"2025-04-07T10:44:53+00:00\" \/>\n<meta name=\"twitter:card\" content=\"summary_large_image\" \/>\n<meta name=\"twitter:site\" content=\"@ferrovial\" \/>\n<script type=\"application\/ld+json\" class=\"yoast-schema-graph\">{\"@context\":\"https:\/\/schema.org\",\"@graph\":[{\"@type\":\"WebPage\",\"@id\":\"https:\/\/newsroom.ferrovial.com\/es\/recursos-2\/\",\"url\":\"https:\/\/newsroom.ferrovial.com\/es\/recursos-2\/\",\"name\":\"Recursos multimedia sobre la compa\u00f1\u00eda - Ferrovial\",\"isPartOf\":{\"@id\":\"https:\/\/newsroom.ferrovial.com\/es\/#website\"},\"datePublished\":\"2018-07-06T16:14:14+00:00\",\"dateModified\":\"2025-04-07T10:44:53+00:00\",\"description\":\"Encuentra todos los recursos multimedia sobre Ferrovial: v\u00eddeos, galer\u00edas de im\u00e1genes, infograf\u00edas y audios. Informaci\u00f3n gr\u00e1fica y de inter\u00e9s sobre nuestra compa\u00f1\u00eda\",\"breadcrumb\":{\"@id\":\"https:\/\/newsroom.ferrovial.com\/es\/recursos-2\/#breadcrumb\"},\"inLanguage\":\"es\",\"potentialAction\":[{\"@type\":\"ReadAction\",\"target\":[\"https:\/\/newsroom.ferrovial.com\/es\/recursos-2\/\"]}]},{\"@type\":\"BreadcrumbList\",\"@id\":\"https:\/\/newsroom.ferrovial.com\/es\/recursos-2\/#breadcrumb\",\"itemListElement\":[{\"@type\":\"ListItem\",\"position\":1,\"name\":\"Portada\",\"item\":\"https:\/\/newsroom.ferrovial.com\/es\/\"},{\"@type\":\"ListItem\",\"position\":2,\"name\":\"Recursos\"}]},{\"@type\":\"WebSite\",\"@id\":\"https:\/\/newsroom.ferrovial.com\/es\/#website\",\"url\":\"https:\/\/newsroom.ferrovial.com\/es\/\",\"name\":\"Sala de prensa Ferrovial | \u00daltimas noticias\",\"description\":\"Sala de prensa Ferrovial | \u00daltimas noticias\",\"publisher\":{\"@id\":\"https:\/\/newsroom.ferrovial.com\/es\/#organization\"},\"potentialAction\":[{\"@type\":\"SearchAction\",\"target\":{\"@type\":\"EntryPoint\",\"urlTemplate\":\"https:\/\/newsroom.ferrovial.com\/es\/?s={search_term_string}\"},\"query-input\":{\"@type\":\"PropertyValueSpecification\",\"valueRequired\":true,\"valueName\":\"search_term_string\"}}],\"inLanguage\":\"es\"},{\"@type\":\"Organization\",\"@id\":\"https:\/\/newsroom.ferrovial.com\/es\/#organization\",\"name\":\"Ferrovial S.A.\",\"url\":\"https:\/\/newsroom.ferrovial.com\/es\/\",\"logo\":{\"@type\":\"ImageObject\",\"inLanguage\":\"es\",\"@id\":\"https:\/\/newsroom.ferrovial.com\/es\/#\/schema\/logo\/image\/\",\"url\":\"https:\/\/static.newsroom.ferrovial.com\/wp-content\/uploads\/2018\/07\/15145720\/Ferrovial_Logotipo1.jpg\",\"contentUrl\":\"https:\/\/static.newsroom.ferrovial.com\/wp-content\/uploads\/2018\/07\/15145720\/Ferrovial_Logotipo1.jpg\",\"width\":600,\"height\":300,\"caption\":\"Ferrovial S.A.\"},\"image\":{\"@id\":\"https:\/\/newsroom.ferrovial.com\/es\/#\/schema\/logo\/image\/\"},\"sameAs\":[\"https:\/\/www.facebook.com\/ferrovial\",\"https:\/\/x.com\/ferrovial\",\"https:\/\/www.instagram.com\/ferrovial\/\",\"https:\/\/www.linkedin.com\/company\/ferrovial\",\"https:\/\/www.pinterest.es\/ferrovial\/\",\"https:\/\/www.youtube.com\/ferrovial\",\"https:\/\/en.wikipedia.org\/wiki\/Ferrovial\"]}]}<\/script>","yoast_head_json":{"title":"Recursos multimedia sobre la compa\u00f1\u00eda - Ferrovial","description":"Encuentra todos los recursos multimedia sobre Ferrovial: v\u00eddeos, galer\u00edas de im\u00e1genes, infograf\u00edas y audios. Informaci\u00f3n gr\u00e1fica y de inter\u00e9s sobre nuestra compa\u00f1\u00eda","robots":{"index":"index","follow":"follow","max-snippet":"max-snippet:-1","max-image-preview":"max-image-preview:large","max-video-preview":"max-video-preview:-1"},"canonical":"https:\/\/newsroom.ferrovial.com\/es\/recursos-2\/","og_locale":"es_ES","og_type":"article","og_title":"Recursos multimedia sobre la compa\u00f1\u00eda - Ferrovial","og_description":"Encuentra todos los recursos multimedia sobre Ferrovial: v\u00eddeos, galer\u00edas de im\u00e1genes, infograf\u00edas y audios. Informaci\u00f3n gr\u00e1fica y de inter\u00e9s sobre nuestra compa\u00f1\u00eda","og_url":"https:\/\/newsroom.ferrovial.com\/es\/recursos-2\/","og_site_name":"Sala de prensa Ferrovial | \u00daltimas noticias","article_publisher":"https:\/\/www.facebook.com\/ferrovial","article_modified_time":"2025-04-07T10:44:53+00:00","twitter_card":"summary_large_image","twitter_site":"@ferrovial","schema":{"@context":"https:\/\/schema.org","@graph":[{"@type":"WebPage","@id":"https:\/\/newsroom.ferrovial.com\/es\/recursos-2\/","url":"https:\/\/newsroom.ferrovial.com\/es\/recursos-2\/","name":"Recursos multimedia sobre la compa\u00f1\u00eda - Ferrovial","isPartOf":{"@id":"https:\/\/newsroom.ferrovial.com\/es\/#website"},"datePublished":"2018-07-06T16:14:14+00:00","dateModified":"2025-04-07T10:44:53+00:00","description":"Encuentra todos los recursos multimedia sobre Ferrovial: v\u00eddeos, galer\u00edas de im\u00e1genes, infograf\u00edas y audios. Informaci\u00f3n gr\u00e1fica y de inter\u00e9s sobre nuestra compa\u00f1\u00eda","breadcrumb":{"@id":"https:\/\/newsroom.ferrovial.com\/es\/recursos-2\/#breadcrumb"},"inLanguage":"es","potentialAction":[{"@type":"ReadAction","target":["https:\/\/newsroom.ferrovial.com\/es\/recursos-2\/"]}]},{"@type":"BreadcrumbList","@id":"https:\/\/newsroom.ferrovial.com\/es\/recursos-2\/#breadcrumb","itemListElement":[{"@type":"ListItem","position":1,"name":"Portada","item":"https:\/\/newsroom.ferrovial.com\/es\/"},{"@type":"ListItem","position":2,"name":"Recursos"}]},{"@type":"WebSite","@id":"https:\/\/newsroom.ferrovial.com\/es\/#website","url":"https:\/\/newsroom.ferrovial.com\/es\/","name":"Sala de prensa Ferrovial | \u00daltimas noticias","description":"Sala de prensa Ferrovial | \u00daltimas noticias","publisher":{"@id":"https:\/\/newsroom.ferrovial.com\/es\/#organization"},"potentialAction":[{"@type":"SearchAction","target":{"@type":"EntryPoint","urlTemplate":"https:\/\/newsroom.ferrovial.com\/es\/?s={search_term_string}"},"query-input":{"@type":"PropertyValueSpecification","valueRequired":true,"valueName":"search_term_string"}}],"inLanguage":"es"},{"@type":"Organization","@id":"https:\/\/newsroom.ferrovial.com\/es\/#organization","name":"Ferrovial S.A.","url":"https:\/\/newsroom.ferrovial.com\/es\/","logo":{"@type":"ImageObject","inLanguage":"es","@id":"https:\/\/newsroom.ferrovial.com\/es\/#\/schema\/logo\/image\/","url":"https:\/\/static.newsroom.ferrovial.com\/wp-content\/uploads\/2018\/07\/15145720\/Ferrovial_Logotipo1.jpg","contentUrl":"https:\/\/static.newsroom.ferrovial.com\/wp-content\/uploads\/2018\/07\/15145720\/Ferrovial_Logotipo1.jpg","width":600,"height":300,"caption":"Ferrovial S.A."},"image":{"@id":"https:\/\/newsroom.ferrovial.com\/es\/#\/schema\/logo\/image\/"},"sameAs":["https:\/\/www.facebook.com\/ferrovial","https:\/\/x.com\/ferrovial","https:\/\/www.instagram.com\/ferrovial\/","https:\/\/www.linkedin.com\/company\/ferrovial","https:\/\/www.pinterest.es\/ferrovial\/","https:\/\/www.youtube.com\/ferrovial","https:\/\/en.wikipedia.org\/wiki\/Ferrovial"]}]}},"_links":{"self":[{"href":"https:\/\/newsroom.ferrovial.com\/es\/wp-json\/wp\/v2\/pages\/78","targetHints":{"allow":["GET"]}}],"collection":[{"href":"https:\/\/newsroom.ferrovial.com\/es\/wp-json\/wp\/v2\/pages"}],"about":[{"href":"https:\/\/newsroom.ferrovial.com\/es\/wp-json\/wp\/v2\/types\/page"}],"replies":[{"embeddable":true,"href":"https:\/\/newsroom.ferrovial.com\/es\/wp-json\/wp\/v2\/comments?post=78"}],"version-history":[{"count":2,"href":"https:\/\/newsroom.ferrovial.com\/es\/wp-json\/wp\/v2\/pages\/78\/revisions"}],"predecessor-version":[{"id":130170,"href":"https:\/\/newsroom.ferrovial.com\/es\/wp-json\/wp\/v2\/pages\/78\/revisions\/130170"}],"wp:attachment":[{"href":"https:\/\/newsroom.ferrovial.com\/es\/wp-json\/wp\/v2\/media?parent=78"}],"curies":[{"name":"wp","href":"https:\/\/api.w.org\/{rel}","templated":true}]}}